{"id":202,"date":"2019-07-15T00:01:40","date_gmt":"2019-07-14T22:01:40","guid":{"rendered":"http:\/\/berthas.be\/?page_id=202"},"modified":"2022-08-10T13:04:55","modified_gmt":"2022-08-10T11:04:55","slug":"minisail-meson","status":"publish","type":"page","link":"https:\/\/berthas.be\/?page_id=202","title":{"rendered":"Minisail Meson"},"content":{"rendered":"\n<p class=\"has-medium-font-size\">Na wat jaren recreatief en wedstrijdjes  gezeild te hebben met de Minisail 9000 en gaandeweg meer vertrouwd te worden met de klasse werd ik gekend als een jager voor een Minisail Meson, een andere onbekende uit de Minisail historie.<br>(<em><a href=\"https:\/\/www.minisail.org.uk\/\">Website van de klasse<\/a><br><a href=\"https:\/\/minisail9000.wordpress.com\/category\/minisail-general\/\">Mijn avonturen met Minisails<\/a><\/em>)<\/p>\n\n\n\n<p class=\"has-medium-font-size\">Een vriend J.Banks bleek er ooit \u00e9\u00e9n gekocht te hebben en na jaren in een schuur gestald kwam hij er niet aan toe om ze zeilklaar te maken, die kon ik komen ophalen.<br>Eens terug uit Hull bleek de boot in redelijke staat. Lees:  Enkel de onafgewerkte romp was prima. <\/p>\n\n\n\n<figure class=\"wp-block-image\"><a href=\"http:\/\/berthas.be\/wp-content\/uploads\/2019\/07\/img_6632-c.jpg\"><img loading=\"lazy\" decoding=\"async\" width=\"768\" height=\"1024\" src=\"http:\/\/berthas.be\/wp-content\/uploads\/2019\/07\/img_6632-c-768x1024.jpg\" alt=\"\" class=\"wp-image-207\" srcset=\"https:\/\/berthas.be\/wp-content\/uploads\/2019\/07\/img_6632-c-768x1024.jpg 768w, https:\/\/berthas.be\/wp-content\/uploads\/2019\/07\/img_6632-c-225x300.jpg 225w, https:\/\/berthas.be\/wp-content\/uploads\/2019\/07\/img_6632-c.jpg 1200w\" sizes=\"auto, (max-width: 706px) 89vw, (max-width: 767px) 82vw, 740px\" \/><\/a><\/figure>\n\n\n\n<p class=\"has-medium-font-size\">Met wat tijd, ruimte, motivatie en kennis van het type was de opgeknapte Meson kort daarna \u00e9\u00e9n van de beste uit de Minisail vloot. Licht, voorzien van het beste tuig en een nieuw zeil is het een bootje er \u00e9\u00e9n dat niettegenstaande zijn 40 jaar niet moet onderdoen in wedstrijden (PY n\u00b0 122O !).<\/p>\n\n\n\n<figure class=\"wp-block-image size-large\"><img loading=\"lazy\" decoding=\"async\" width=\"1024\" height=\"711\" src=\"https:\/\/berthas.be\/wp-content\/uploads\/2022\/08\/0dscn24191-1024x711.jpg\" alt=\"\" class=\"wp-image-1607\" srcset=\"https:\/\/berthas.be\/wp-content\/uploads\/2022\/08\/0dscn24191-1024x711.jpg 1024w, https:\/\/berthas.be\/wp-content\/uploads\/2022\/08\/0dscn24191-300x208.jpg 300w, https:\/\/berthas.be\/wp-content\/uploads\/2022\/08\/0dscn24191-768x534.jpg 768w, https:\/\/berthas.be\/wp-content\/uploads\/2022\/08\/0dscn24191-1536x1067.jpg 1536w, https:\/\/berthas.be\/wp-content\/uploads\/2022\/08\/0dscn24191-2048x1423.jpg 2048w\" sizes=\"auto, (max-width: 706px) 89vw, (max-width: 767px) 82vw, 740px\" \/><\/figure>\n\n\n\n<p class=\"has-medium-font-size\">De Meson met zijn open spiegel, merkwaardige sliding seat en  glimmende houten dek is een plezier om mee te zeilen en een aanleiding voor menig passant om er aandacht aan te besteden, zowel zeilers als niet zeilers gaan er even van watertanden.<\/p>\n\n\n\n<figure class=\"wp-block-image\"><a href=\"http:\/\/berthas.be\/wp-content\/uploads\/2019\/07\/dscn0174.jpg\"><img loading=\"lazy\" decoding=\"async\" width=\"1024\" height=\"768\" src=\"http:\/\/berthas.be\/wp-content\/uploads\/2019\/07\/dscn0174-1024x768.jpg\" alt=\"\" class=\"wp-image-211\" srcset=\"https:\/\/berthas.be\/wp-content\/uploads\/2019\/07\/dscn0174-1024x768.jpg 1024w, https:\/\/berthas.be\/wp-content\/uploads\/2019\/07\/dscn0174-300x225.jpg 300w, https:\/\/berthas.be\/wp-content\/uploads\/2019\/07\/dscn0174-768x576.jpg 768w\" sizes=\"auto, (max-width: 706px) 89vw, (max-width: 767px) 82vw, 740px\" \/><\/a><\/figure>\n\n\n\n<p class=\"has-large-font-size\"><strong>Dat heb je met exoten, iedereen houdt ervan maar het blijft bij watertanden<br>&#8230; Vermoedelijk terecht.<\/strong><br><\/p>\n","protected":false},"excerpt":{"rendered":"<p>Na wat jaren recreatief en wedstrijdjes gezeild te hebben met de Minisail 9000 en gaandeweg meer vertrouwd te worden met de klasse werd ik gekend als een jager voor een Minisail Meson, een andere onbekende uit de Minisail historie.(Website van de klasseMijn avonturen met Minisails) Een vriend J.Banks bleek er ooit \u00e9\u00e9n gekocht te hebben &hellip; <\/p>\n<p class=\"link-more\"><a href=\"https:\/\/berthas.be\/?page_id=202\" class=\"more-link\">Continue reading<span class=\"screen-reader-text\"> &#8220;Minisail Meson&#8221;<\/span><\/a><\/p>\n","protected":false},"author":1,"featured_media":0,"parent":0,"menu_order":0,"comment_status":"closed","ping_status":"closed","template":"","meta":{"footnotes":""},"class_list":["post-202","page","type-page","status-publish","hentry"],"_links":{"self":[{"href":"https:\/\/berthas.be\/index.php?rest_route=\/wp\/v2\/pages\/202","targetHints":{"allow":["GET"]}}],"collection":[{"href":"https:\/\/berthas.be\/index.php?rest_route=\/wp\/v2\/pages"}],"about":[{"href":"https:\/\/berthas.be\/index.php?rest_route=\/wp\/v2\/types\/page"}],"author":[{"embeddable":true,"href":"https:\/\/berthas.be\/index.php?rest_route=\/wp\/v2\/users\/1"}],"replies":[{"embeddable":true,"href":"https:\/\/berthas.be\/index.php?rest_route=%2Fwp%2Fv2%2Fcomments&post=202"}],"version-history":[{"count":13,"href":"https:\/\/berthas.be\/index.php?rest_route=\/wp\/v2\/pages\/202\/revisions"}],"predecessor-version":[{"id":1609,"href":"https:\/\/berthas.be\/index.php?rest_route=\/wp\/v2\/pages\/202\/revisions\/1609"}],"wp:attachment":[{"href":"https:\/\/berthas.be\/index.php?rest_route=%2Fwp%2Fv2%2Fmedia&parent=202"}],"curies":[{"name":"wp","href":"https:\/\/api.w.org\/{rel}","templated":true}]}}